{"id":2329,"date":"2023-09-23T11:33:16","date_gmt":"2023-09-23T11:33:16","guid":{"rendered":"https:\/\/curriculumly.com\/?post_type=product&#038;p=2329"},"modified":"2023-10-24T07:34:35","modified_gmt":"2023-10-24T07:34:35","slug":"plantilla-cv-minimalista","status":"publish","type":"product","link":"https:\/\/curriculumly.com\/pt\/produto\/plantilla-cv-minimalista\/","title":{"rendered":"Plantilla CV Minimalista"},"content":{"rendered":"<p>El Modelo de Curr\u00edculum Minimalista presenta un dise\u00f1o sencillo y vanguardista que har\u00e1 que tu perfil profesional deje la mejor impresi\u00f3n en los reclutadores. Esta plantilla de CV es el perfecto equilibrio entre un dise\u00f1o cl\u00e1sico y moderno.<\/p>\n<div class=\"container-checklist\">\n<ul class=\"check-list\">\n<li>Incluye formato Word\u00a0 <img decoding=\"async\" src=\"https:\/\/www.micandidatura.com\/wp-content\/uploads\/2018\/12\/modelo-curriculum-vitae-word-icono.png\" alt=\"modelo-curriculum-vitae-word\" width=\"26px\" height=\"26px\" \/><\/li>\n<li>100% personalizable y f\u00e1cil de editar<\/li>\n<li>Tama\u00f1o de p\u00e1gina preestablecido para imprimir en A4<\/li>\n<li>Descarga inmediata despu\u00e9s de la compra<\/li>\n<\/ul>\n<\/div>","protected":false},"excerpt":{"rendered":"<p>El Modelo de Curr\u00edculum Minimalista presenta un dise\u00f1o sencillo y vanguardista que har\u00e1 que tu perfil profesional deje la mejor impresi\u00f3n en los reclutadores. Esta plantilla de CV es el perfecto equilibrio entre un dise\u00f1o cl\u00e1sico y moderno. Incluye formato Word\u00a0 100% personalizable y f\u00e1cil de editar Tama\u00f1o de p\u00e1gina preestablecido para imprimir en A4 [&hellip;]<\/p>\n","protected":false},"featured_media":2330,"comment_status":"open","ping_status":"closed","template":"","meta":{"_monsterinsights_skip_tracking":false,"_monsterinsights_sitenote_active":false,"_monsterinsights_sitenote_note":"","_monsterinsights_sitenote_category":0,"site-sidebar-layout":"default","site-content-layout":"default","ast-site-content-layout":"default","site-content-style":"default","site-sidebar-style":"default","ast-global-header-display":"","ast-banner-title-visibility":"","ast-main-header-display":"","ast-hfb-above-header-display":"","ast-hfb-below-header-display":"","ast-hfb-mobile-header-display":"","site-post-title":"","ast-breadcrumbs-content":"","ast-featured-img":"","footer-sml-layout":"","ast-disable-related-posts":"","theme-transparent-header-meta":"default","adv-header-id-meta":"","stick-header-meta":"","header-above-stick-meta":"","header-main-stick-meta":"","header-below-stick-meta":"","astra-migrate-meta-layouts":"set","ast-page-background-enabled":"default","ast-page-background-meta":{"desktop":{"background-color":"","background-image":"","background-repeat":"repeat","background-position":"center center","background-size":"auto","background-attachment":"scroll","background-type":"","background-media":"","overlay-type":"","overlay-color":"","overlay-opacity":"","overlay-gradient":""},"tablet":{"background-color":"","background-image":"","background-repeat":"repeat","background-position":"center center","background-size":"auto","background-attachment":"scroll","background-type":"","background-media":"","overlay-type":"","overlay-color":"","overlay-opacity":"","overlay-gradient":""},"mobile":{"background-color":"","background-image":"","background-repeat":"repeat","background-position":"center center","background-size":"auto","background-attachment":"scroll","background-type":"","background-media":"","overlay-type":"","overlay-color":"","overlay-opacity":"","overlay-gradient":""}},"ast-content-background-meta":{"desktop":{"background-color":"var(--ast-global-color-5)","background-image":"","background-repeat":"repeat","background-position":"center center","background-size":"auto","background-attachment":"scroll","background-type":"","background-media":"","overlay-type":"","overlay-color":"","overlay-opacity":"","overlay-gradient":""},"tablet":{"background-color":"var(--ast-global-color-5)","background-image":"","background-repeat":"repeat","background-position":"center center","background-size":"auto","background-attachment":"scroll","background-type":"","background-media":"","overlay-type":"","overlay-color":"","overlay-opacity":"","overlay-gradient":""},"mobile":{"background-color":"var(--ast-global-color-5)","background-image":"","background-repeat":"repeat","background-position":"center center","background-size":"auto","background-attachment":"scroll","background-type":"","background-media":"","overlay-type":"","overlay-color":"","overlay-opacity":"","overlay-gradient":""}}},"product_brand":[],"product_cat":[56],"product_tag":[54],"class_list":{"0":"post-2329","1":"product","2":"type-product","3":"status-publish","4":"has-post-thumbnail","6":"product_cat-plantilla-cv","7":"product_tag-plantilla-cv","8":"desktop-align-left","9":"tablet-align-left","10":"mobile-align-left","11":"ast-product-gallery-layout-horizontal-slider","12":"ast-product-gallery-with-no-image","13":"ast-product-tabs-layout-horizontal","15":"first","16":"instock","17":"sale","18":"taxable","19":"shipping-taxable","20":"purchasable","21":"product-type-simple"},"yoast_head":"<!-- This site is optimized with the Yoast SEO plugin v27.4 - https:\/\/yoast.com\/product\/yoast-seo-wordpress\/ -->\n<title>Plantilla CV Minimalista - Curr&iacute;culumLy<\/title>\n<meta name=\"robots\" content=\"index, follow, max-snippet:-1, max-image-preview:large, max-video-preview:-1\" \/>\n<link rel=\"canonical\" href=\"https:\/\/curriculumly.com\/pt\/produto\/plantilla-cv-minimalista\/\" \/>\n<meta property=\"og:locale\" content=\"pt_BR\" \/>\n<meta property=\"og:type\" content=\"article\" \/>\n<meta property=\"og:title\" content=\"Plantilla CV Minimalista - Curr&iacute;culumLy\" \/>\n<meta property=\"og:description\" content=\"El Modelo de Curr\u00edculum Minimalista presenta un dise\u00f1o sencillo y vanguardista que har\u00e1 que tu perfil profesional deje la mejor impresi\u00f3n en los reclutadores. Esta plantilla de CV es el perfecto equilibrio entre un dise\u00f1o cl\u00e1sico y moderno. Incluye formato Word\u00a0 100% personalizable y f\u00e1cil de editar Tama\u00f1o de p\u00e1gina preestablecido para imprimir en A4 [&hellip;]\" \/>\n<meta property=\"og:url\" content=\"https:\/\/curriculumly.com\/pt\/produto\/plantilla-cv-minimalista\/\" \/>\n<meta property=\"og:site_name\" content=\"Curr&iacute;culumLy\" \/>\n<meta property=\"article:publisher\" content=\"https:\/\/www.facebook.com\/curriculumly\" \/>\n<meta property=\"article:modified_time\" content=\"2023-10-24T07:34:35+00:00\" \/>\n<meta property=\"og:image\" content=\"https:\/\/curriculumly.com\/wp-content\/uploads\/2023\/09\/Plantilla-cv5.png\" \/>\n\t<meta property=\"og:image:width\" content=\"5001\" \/>\n\t<meta property=\"og:image:height\" content=\"5001\" \/>\n\t<meta property=\"og:image:type\" content=\"image\/png\" \/>\n<meta name=\"twitter:card\" content=\"summary_large_image\" \/>\n<meta name=\"twitter:label1\" content=\"Est. tempo de leitura\" \/>\n\t<meta name=\"twitter:data1\" content=\"1 minuto\" \/>\n<script type=\"application\/ld+json\" class=\"yoast-schema-graph\">{\"@context\":\"https:\\\/\\\/schema.org\",\"@graph\":[{\"@type\":\"WebPage\",\"@id\":\"https:\\\/\\\/curriculumly.com\\\/producto\\\/plantilla-cv-minimalista\\\/\",\"url\":\"https:\\\/\\\/curriculumly.com\\\/producto\\\/plantilla-cv-minimalista\\\/\",\"name\":\"Plantilla CV Minimalista - Curr&iacute;culumLy\",\"isPartOf\":{\"@id\":\"https:\\\/\\\/curriculumly.com\\\/#website\"},\"primaryImageOfPage\":{\"@id\":\"https:\\\/\\\/curriculumly.com\\\/producto\\\/plantilla-cv-minimalista\\\/#primaryimage\"},\"image\":{\"@id\":\"https:\\\/\\\/curriculumly.com\\\/producto\\\/plantilla-cv-minimalista\\\/#primaryimage\"},\"thumbnailUrl\":\"https:\\\/\\\/curriculumly.com\\\/wp-content\\\/uploads\\\/2023\\\/09\\\/Plantilla-cv5.png\",\"datePublished\":\"2023-09-23T11:33:16+00:00\",\"dateModified\":\"2023-10-24T07:34:35+00:00\",\"breadcrumb\":{\"@id\":\"https:\\\/\\\/curriculumly.com\\\/producto\\\/plantilla-cv-minimalista\\\/#breadcrumb\"},\"inLanguage\":\"pt-BR\",\"potentialAction\":[{\"@type\":\"ReadAction\",\"target\":[\"https:\\\/\\\/curriculumly.com\\\/producto\\\/plantilla-cv-minimalista\\\/\"]}]},{\"@type\":\"ImageObject\",\"inLanguage\":\"pt-BR\",\"@id\":\"https:\\\/\\\/curriculumly.com\\\/producto\\\/plantilla-cv-minimalista\\\/#primaryimage\",\"url\":\"https:\\\/\\\/curriculumly.com\\\/wp-content\\\/uploads\\\/2023\\\/09\\\/Plantilla-cv5.png\",\"contentUrl\":\"https:\\\/\\\/curriculumly.com\\\/wp-content\\\/uploads\\\/2023\\\/09\\\/Plantilla-cv5.png\",\"width\":5001,\"height\":5001,\"caption\":\"curriculum primaria\"},{\"@type\":\"BreadcrumbList\",\"@id\":\"https:\\\/\\\/curriculumly.com\\\/producto\\\/plantilla-cv-minimalista\\\/#breadcrumb\",\"itemListElement\":[{\"@type\":\"ListItem\",\"position\":1,\"name\":\"Portada\",\"item\":\"https:\\\/\\\/curriculumly.com\\\/\"},{\"@type\":\"ListItem\",\"position\":2,\"name\":\"Elementor #3713\",\"item\":\"https:\\\/\\\/curriculumly.com\\\/elementor-3713\\\/\"},{\"@type\":\"ListItem\",\"position\":3,\"name\":\"Plantilla CV Minimalista\"}]},{\"@type\":\"WebSite\",\"@id\":\"https:\\\/\\\/curriculumly.com\\\/#website\",\"url\":\"https:\\\/\\\/curriculumly.com\\\/\",\"name\":\"Curr&iacute;culumLy\",\"description\":\"Redacci&oacute;n Profesional de Curr&iacute;culum | Encuentra el Trabajo que buscas\",\"publisher\":{\"@id\":\"https:\\\/\\\/curriculumly.com\\\/#organization\"},\"potentialAction\":[{\"@type\":\"SearchAction\",\"target\":{\"@type\":\"EntryPoint\",\"urlTemplate\":\"https:\\\/\\\/curriculumly.com\\\/?s={search_term_string}\"},\"query-input\":{\"@type\":\"PropertyValueSpecification\",\"valueRequired\":true,\"valueName\":\"search_term_string\"}}],\"inLanguage\":\"pt-BR\"},{\"@type\":\"Organization\",\"@id\":\"https:\\\/\\\/curriculumly.com\\\/#organization\",\"name\":\"CurriculumLy\",\"url\":\"https:\\\/\\\/curriculumly.com\\\/\",\"logo\":{\"@type\":\"ImageObject\",\"inLanguage\":\"pt-BR\",\"@id\":\"https:\\\/\\\/curriculumly.com\\\/#\\\/schema\\\/logo\\\/image\\\/\",\"url\":\"https:\\\/\\\/curriculumly.com\\\/wp-content\\\/uploads\\\/2022\\\/07\\\/LOGO-CV.jpg\",\"contentUrl\":\"https:\\\/\\\/curriculumly.com\\\/wp-content\\\/uploads\\\/2022\\\/07\\\/LOGO-CV.jpg\",\"width\":990,\"height\":227,\"caption\":\"CurriculumLy\"},\"image\":{\"@id\":\"https:\\\/\\\/curriculumly.com\\\/#\\\/schema\\\/logo\\\/image\\\/\"},\"sameAs\":[\"https:\\\/\\\/www.facebook.com\\\/curriculumly\",\"https:\\\/\\\/www.instagram.com\\\/curriculumly\\\/\",\"https:\\\/\\\/www.linkedin.com\\\/company\\\/curriculumly\\\/\"]}]}<\/script>\n<!-- \/ Yoast SEO plugin. -->","yoast_head_json":{"title":"Plantilla CV Minimalista - Curr&iacute;culumLy","robots":{"index":"index","follow":"follow","max-snippet":"max-snippet:-1","max-image-preview":"max-image-preview:large","max-video-preview":"max-video-preview:-1"},"canonical":"https:\/\/curriculumly.com\/pt\/produto\/plantilla-cv-minimalista\/","og_locale":"pt_BR","og_type":"article","og_title":"Plantilla CV Minimalista - Curr&iacute;culumLy","og_description":"El Modelo de Curr\u00edculum Minimalista presenta un dise\u00f1o sencillo y vanguardista que har\u00e1 que tu perfil profesional deje la mejor impresi\u00f3n en los reclutadores. Esta plantilla de CV es el perfecto equilibrio entre un dise\u00f1o cl\u00e1sico y moderno. Incluye formato Word\u00a0 100% personalizable y f\u00e1cil de editar Tama\u00f1o de p\u00e1gina preestablecido para imprimir en A4 [&hellip;]","og_url":"https:\/\/curriculumly.com\/pt\/produto\/plantilla-cv-minimalista\/","og_site_name":"Curr&iacute;culumLy","article_publisher":"https:\/\/www.facebook.com\/curriculumly","article_modified_time":"2023-10-24T07:34:35+00:00","og_image":[{"width":5001,"height":5001,"url":"https:\/\/curriculumly.com\/wp-content\/uploads\/2023\/09\/Plantilla-cv5.png","type":"image\/png"}],"twitter_card":"summary_large_image","twitter_misc":{"Est. tempo de leitura":"1 minuto"},"schema":{"@context":"https:\/\/schema.org","@graph":[{"@type":"WebPage","@id":"https:\/\/curriculumly.com\/producto\/plantilla-cv-minimalista\/","url":"https:\/\/curriculumly.com\/producto\/plantilla-cv-minimalista\/","name":"Plantilla CV Minimalista - Curr&iacute;culumLy","isPartOf":{"@id":"https:\/\/curriculumly.com\/#website"},"primaryImageOfPage":{"@id":"https:\/\/curriculumly.com\/producto\/plantilla-cv-minimalista\/#primaryimage"},"image":{"@id":"https:\/\/curriculumly.com\/producto\/plantilla-cv-minimalista\/#primaryimage"},"thumbnailUrl":"https:\/\/curriculumly.com\/wp-content\/uploads\/2023\/09\/Plantilla-cv5.png","datePublished":"2023-09-23T11:33:16+00:00","dateModified":"2023-10-24T07:34:35+00:00","breadcrumb":{"@id":"https:\/\/curriculumly.com\/producto\/plantilla-cv-minimalista\/#breadcrumb"},"inLanguage":"pt-BR","potentialAction":[{"@type":"ReadAction","target":["https:\/\/curriculumly.com\/producto\/plantilla-cv-minimalista\/"]}]},{"@type":"ImageObject","inLanguage":"pt-BR","@id":"https:\/\/curriculumly.com\/producto\/plantilla-cv-minimalista\/#primaryimage","url":"https:\/\/curriculumly.com\/wp-content\/uploads\/2023\/09\/Plantilla-cv5.png","contentUrl":"https:\/\/curriculumly.com\/wp-content\/uploads\/2023\/09\/Plantilla-cv5.png","width":5001,"height":5001,"caption":"curriculum primaria"},{"@type":"BreadcrumbList","@id":"https:\/\/curriculumly.com\/producto\/plantilla-cv-minimalista\/#breadcrumb","itemListElement":[{"@type":"ListItem","position":1,"name":"Portada","item":"https:\/\/curriculumly.com\/"},{"@type":"ListItem","position":2,"name":"Elementor #3713","item":"https:\/\/curriculumly.com\/elementor-3713\/"},{"@type":"ListItem","position":3,"name":"Plantilla CV Minimalista"}]},{"@type":"WebSite","@id":"https:\/\/curriculumly.com\/#website","url":"https:\/\/curriculumly.com\/","name":"Curr&iacute;culumLy","description":"Redacci&oacute;n Profesional de Curr&iacute;culum | Encuentra el Trabajo que buscas","publisher":{"@id":"https:\/\/curriculumly.com\/#organization"},"potentialAction":[{"@type":"SearchAction","target":{"@type":"EntryPoint","urlTemplate":"https:\/\/curriculumly.com\/?s={search_term_string}"},"query-input":{"@type":"PropertyValueSpecification","valueRequired":true,"valueName":"search_term_string"}}],"inLanguage":"pt-BR"},{"@type":"Organization","@id":"https:\/\/curriculumly.com\/#organization","name":"CurriculumLy","url":"https:\/\/curriculumly.com\/","logo":{"@type":"ImageObject","inLanguage":"pt-BR","@id":"https:\/\/curriculumly.com\/#\/schema\/logo\/image\/","url":"https:\/\/curriculumly.com\/wp-content\/uploads\/2022\/07\/LOGO-CV.jpg","contentUrl":"https:\/\/curriculumly.com\/wp-content\/uploads\/2022\/07\/LOGO-CV.jpg","width":990,"height":227,"caption":"CurriculumLy"},"image":{"@id":"https:\/\/curriculumly.com\/#\/schema\/logo\/image\/"},"sameAs":["https:\/\/www.facebook.com\/curriculumly","https:\/\/www.instagram.com\/curriculumly\/","https:\/\/www.linkedin.com\/company\/curriculumly\/"]}]}},"_links":{"self":[{"href":"https:\/\/curriculumly.com\/pt\/wp-json\/wp\/v2\/product\/2329","targetHints":{"allow":["GET"]}}],"collection":[{"href":"https:\/\/curriculumly.com\/pt\/wp-json\/wp\/v2\/product"}],"about":[{"href":"https:\/\/curriculumly.com\/pt\/wp-json\/wp\/v2\/types\/product"}],"replies":[{"embeddable":true,"href":"https:\/\/curriculumly.com\/pt\/wp-json\/wp\/v2\/comments?post=2329"}],"wp:featuredmedia":[{"embeddable":true,"href":"https:\/\/curriculumly.com\/pt\/wp-json\/wp\/v2\/media\/2330"}],"wp:attachment":[{"href":"https:\/\/curriculumly.com\/pt\/wp-json\/wp\/v2\/media?parent=2329"}],"wp:term":[{"taxonomy":"product_brand","embeddable":true,"href":"https:\/\/curriculumly.com\/pt\/wp-json\/wp\/v2\/product_brand?post=2329"},{"taxonomy":"product_cat","embeddable":true,"href":"https:\/\/curriculumly.com\/pt\/wp-json\/wp\/v2\/product_cat?post=2329"},{"taxonomy":"product_tag","embeddable":true,"href":"https:\/\/curriculumly.com\/pt\/wp-json\/wp\/v2\/product_tag?post=2329"}],"curies":[{"name":"wp","href":"https:\/\/api.w.org\/{rel}","templated":true}]}}