{"id":857,"date":"2022-09-03T17:16:25","date_gmt":"2022-09-03T17:16:25","guid":{"rendered":"https:\/\/curriculumly.com\/?page_id=857"},"modified":"2022-09-10T11:20:39","modified_gmt":"2022-09-10T11:20:39","slug":"politica-de-privacidad","status":"publish","type":"page","link":"https:\/\/curriculumly.com\/pt\/politica-de-privacidad\/","title":{"rendered":"Pol\u00edtica de privacidad"},"content":{"rendered":"<h2 class=\"wp-block-heading\">INFORMACI\u00d3N B\u00c1SICA SOBRE PROTECCI\u00d3N DE DATOS<\/h2>\n\n\n\n<ul class=\"wp-block-list\"><li>Sitio web: www.curriculumly.com<\/li><li>Responsable tratamiento de datos: David Gonzalez<\/li><li>Direcci\u00f3n postal: Carrer del Priorat 8 Corbera de llobregat 08757 (Barcelona)<\/li><li>Finalidad: facilitar a los interesados ofertas de productos y servicios de su inter\u00e9s, poder ofrecerle nuestros productos y servicios de acuerdo con sus intereses, mejorar su experiencia de usuario. Para cumplir estos fines elaboraremos un perfil comercial en base a la informaci\u00f3n facilitada.<\/li><li>Legitimaci\u00f3n: consentimiento otorgado por el usuario. La oferta de productos y servicios est\u00e1 basada en el consentimiento que se te solicita, sin que en ning\u00fan caso la retirada de este consentimiento condicione la ejecuci\u00f3n de servicios o la entrega de productos pendientes.<\/li><li>Edad legal del consentimiento: el usuario certifica que es mayor de 14 a\u00f1os y que por lo tanto posee la capacidad legal necesaria para la prestaci\u00f3n del consentimiento en cuanto al tratamiento de sus datos de car\u00e1cter personal y todo ello, de conformidad con lo establecido en la presente Pol\u00edtica de Privacidad.<\/li><li>Destinatario: se comunicar\u00e1n datos a terceros para poder llevar a cabo las finalidades descritas en la presente pol\u00edtica de privacidad. En ning\u00fan caso se ceder\u00e1n datos a terceros para finalidades diferentes a las descritas en este documento.<\/li><li>Derechos: Las personas interesadas tienen derecho a acceder a sus datos personales, as\u00ed como a solicitar la rectificaci\u00f3n de los datos inexactos o, en su caso, solicitar su supresi\u00f3n cuando entre otros motivos, los datos ya no sean necesarios para los fines que fueron recogidos. En determinadas circunstancias, los interesados podr\u00e1n solicitar la limitaci\u00f3n del tratamiento de sus datos, en cuyo caso \u00fanicamente los conservaremos para el ejercicio o la defensa de reclamaciones.<\/li><\/ul>\n\n\n\n<h2 class=\"wp-block-heading\">INFORMACI\u00d3N ADICIONAL SOBRE LA PROTECCI\u00d3N DE DATOS<\/h2>\n\n\n\n<h3 class=\"wp-block-heading\">\u00bfCon qu\u00e9 finalidad trataremos sus datos de car\u00e1cter personal y durante cu\u00e1nto tiempo los conservaremos?<\/h3>\n\n\n\n<p>La empresa tratar\u00e1 sus datos de car\u00e1cter personal exclusivamente para fines determinados, expl\u00edcitos y leg\u00edtimos, y no ser\u00e1n tratados de manera incompatible con dichos fines.<\/p>\n\n\n\n<p>Finalidad 1: Para todos los usuarios. Gesti\u00f3n, estudio y resoluci\u00f3n de consultas efectuadas a trav\u00e9s de la web<\/p>\n\n\n\n<p>Finalidad 2: Para los clientes de la tienda on-line. Gesti\u00f3n contable, fiscal y administrativa.<\/p>\n\n\n\n<p>La empresa conservar\u00e1 sus datos de car\u00e1cter personal el tiempo necesario seg\u00fan la informaci\u00f3n facilitada y los plazos de conservaci\u00f3n recogidos en normativas que sean aplicables.Tambi\u00e9n se conservar\u00e1n mientras se mantenga la relaci\u00f3n mercantil. Se har\u00e1n desaparecer cuando se solicite su supresi\u00f3n o portabilidad por el interesado.<\/p>\n\n\n\n<p>\u2013 \u00bfCu\u00e1l es la legitimaci\u00f3n para el tratamiento de sus datos?<\/p>\n\n\n\n<p>La base legal para el tratamiento de sus datos es el consentimiento que nos otorga al marcar la casilla en la que acepta nuestra pol\u00edtica de privacidad.<\/p>\n\n\n\n<p>\u2013 \u00bfCu\u00e1les son sus derechos cuando nos facilita sus datos?<\/p>\n\n\n\n<p>Cualquier persona tiene derecho a obtener confirmaci\u00f3n sobre si en la empresa estamos tratando datos personales que les conciernen, o no.<\/p>\n\n\n\n<p>En concreto, puede usted dirigirse a la empresa a su direcci\u00f3n postal o bien a la direcci\u00f3n de email facilitada en el presente documento con la finalidad de ejercer los siguientes derechos: contact@curriculumytrabajo.com<\/p>\n\n\n\n<p>Derecho a solicitar el acceso a los datos personales relativos al interesado.<\/p>\n\n\n\n<p>Derecho a solicitar su rectificaci\u00f3n o supresi\u00f3n.<\/p>\n\n\n\n<p>Derecho a solicitar la limitaci\u00f3n de su tratamiento.<\/p>\n\n\n\n<p>Derecho a oponerse al tratamiento.<\/p>\n\n\n\n<p>Derecho a la portabilidad de los datos.<\/p>\n\n\n\n<p>Puede usted solicitar los formularios necesarios para el ejercicio de estos derechos enviando un correo electr\u00f3nico a la direcci\u00f3n de email facilitada en el presente documento<\/p>\n\n\n\n<p>Dado el car\u00e1cter personal\u00edsimo del ejercicio de cualquiera de estos derechos usted deber\u00e1 adjuntar a la solicitud copia de su carnet de identidad o documento acreditativo equivalente.<\/p>\n\n\n\n<h2 class=\"wp-block-heading\">MODIFICACIONES EN LA POL\u00cdTICA DE PRIVACIDAD<\/h2>\n\n\n\n<p>CVLY podr\u00e1 modificar su Pol\u00edtica de Privacidad de acuerdo con la legislaci\u00f3n aplicable en cada momento. En todo caso, cualquier modificaci\u00f3n de la Pol\u00edtica de Privacidad le ser\u00e1 debidamente notificada al usuario para que, quede informado de los cambios realizados en el tratamiento de sus datos personales y, en caso de que la normativa aplicable as\u00ed lo exija, el usuario pueda otorgar su consentimiento.<\/p>\n\n\n\n<h2 class=\"wp-block-heading\">RESCISIONES<\/h2>\n\n\n\n<p>CL\u00c1USULA DE RESCISI\u00d3N: Podemos cancelar tu acceso a la p\u00e1gina, sin causa o aviso, lo cual podr\u00e1 resultar en la incautaci\u00f3n y destrucci\u00f3n de toda la informaci\u00f3n que est\u00e9 asociada con su cuenta. Todas las disposiciones de este acuerdo que, por su naturaleza, deban sobrevivir a la cancelaci\u00f3n sobrevivir\u00e1n a ella, incluyendo sin limitaci\u00f3n, las disposiciones de propiedad, renuncias de garant\u00eda, indemnizaci\u00f3n y limitaciones de responsabilidad.<\/p>\n\n\n\n<h2 class=\"wp-block-heading\">POL\u00cdTICA DE COOKIES<\/h2>\n\n\n\n<p>El acceso a este Sitio Web puede implicar la utilizaci\u00f3n de cookies.<\/p>\n\n\n\n<p>Cookie es un fichero que se descarga en su ordenador al acceder a determinadas p\u00e1ginas web. Las cookies permiten a una p\u00e1gina web, entre otras cosas, almacenar y recuperar informaci\u00f3n sobre los h\u00e1bitos de navegaci\u00f3n de un usuario o de su equipo y, dependiendo de la informaci\u00f3n que contengan y de la forma en que utilice su equipo, pueden utilizarse para reconocer al usuario.. El navegador del usuario memoriza cookies en el disco duro solamente durante la sesi\u00f3n actual ocupando un espacio de memoria m\u00ednimo y no perjudicando al ordenador. Las cookies no contienen ninguna clase de informaci\u00f3n personal espec\u00edfica, y la mayor\u00eda de las mismas se borran del disco duro al finalizar la sesi\u00f3n de navegador (las denominadas cookies de sesi\u00f3n).<\/p>\n\n\n\n<p>La mayor\u00eda de los navegadores aceptan como est\u00e1ndar a las cookies y, con independencia de las mismas, permiten o impiden en los ajustes de seguridad las cookies temporales o memorizadas.<\/p>\n\n\n\n<p>Sin su expreso consentimiento mediante la activaci\u00f3n de las cookies en su navegador CVLY no enlazar\u00e1 en las cookies los datos memorizados con sus datos personales proporcionados en el momento del registro o la compra.<\/p>\n\n\n\n<h3 class=\"wp-block-heading\">\u00bfQu\u00e9 tipos de cookies utiliza esta p\u00e1gina web?<\/h3>\n\n\n\n<ul class=\"wp-block-list\"><li>Cookies t\u00e9cnicas: Son aqu\u00e9llas que permiten al usuario la navegaci\u00f3n a trav\u00e9s de una p\u00e1gina web, plataforma o aplicaci\u00f3n y la utilizaci\u00f3n de las diferentes opciones o servicios que en ella existan como, por ejemplo, controlar el tr\u00e1fico y la comunicaci\u00f3n de datos, identificar la sesi\u00f3n, acceder a partes de acceso restringido, recordar los elementos que integran un pedido, realizar el proceso de compra de un pedido, realizar la solicitud de inscripci\u00f3n o participaci\u00f3n en un evento, utilizar elementos de seguridad durante la navegaci\u00f3n, almacenar contenidos para la difusi\u00f3n de videos o sonido o compartir contenidos a trav\u00e9s de redes sociales.<\/li><li>Cookies de personalizaci\u00f3n: Son aqu\u00e9llas que permiten al usuario acceder al servicio con algunas caracter\u00edsticas de car\u00e1cter general predefinidas en funci\u00f3n de una serie de criterios en el terminal del usuario como por ejemplo serian el idioma, el tipo de navegador a trav\u00e9s del cual accede al servicio, la configuraci\u00f3n regional desde donde accede al servicio, etc.<\/li><li>Cookies publicitarias: Son aqu\u00e9llas que, bien tratadas por nosotros o por terceros, nos permiten gestionar de la forma m\u00e1s eficaz posible la oferta de los espacios publicitarios que hay en la p\u00e1gina web, adecuando el contenido del anuncio al contenido del servicio solicitado o al uso que realice de nuestra p\u00e1gina web. Para ello podemos analizar sus h\u00e1bitos de navegaci\u00f3n en Internet y podemos mostrarle publicidad relacionada con su perfil de navegaci\u00f3n.<\/li><\/ul>\n\n\n\n<ul class=\"wp-block-list\"><li>Cookies de publicidad comportamental: Son aqu\u00e9llas que permiten la gesti\u00f3n, de la forma m\u00e1s eficaz posible, de los espacios publicitarios que, en su caso, el editor haya incluido en una p\u00e1gina web, aplicaci\u00f3n o plataforma desde la que presta el servicio solicitado. Estas cookies almacenan informaci\u00f3n del comportamiento de los usuarios obtenida a trav\u00e9s de la observaci\u00f3n continuada de sus h\u00e1bitos de navegaci\u00f3n, lo que permite desarrollar un perfil espec\u00edfico para mostrar publicidad en funci\u00f3n del mismo.<\/li><li>Cookies de terceros: Esta p\u00e1gina web utiliza Google Analytics, un servicio anal\u00edtico de web prestado por Google, Inc., una compa\u00f1\u00eda de Delaware cuya oficina principal est\u00e1 en 1600 Amphitheatre Parkway, Mountain View (California), CA 94043, Estados Unidos (\u201cGoogle\u201d). Google Analytics utiliza \u201ccookies\u201d, que son archivos de texto ubicados en su ordenador, para ayudar al website a analizar el uso que hacen los usuarios del sitio web. La informaci\u00f3n que genera la cookie acerca de su uso del website (incluyendo su direcci\u00f3n IP) ser\u00e1 directamente transmitida y archivada por Google en los servidores de Estados Unidos. Google usar\u00e1 esta informaci\u00f3n por cuenta nuestra con el prop\u00f3sito de seguir la pista de su uso del website, recopilando informes de la actividad del website y prestando otros servicios relacionados con la actividad del website y el uso de Internet. Google podr\u00e1 transmitir dicha informaci\u00f3n a terceros cuando as\u00ed se lo requiera la legislaci\u00f3n, o cuando dichos terceros procesen la informaci\u00f3n por cuenta de Google. Google no asociar\u00e1 su direcci\u00f3n IP con ning\u00fan otro dato del que disponga Google. Puede usted rechazar el tratamiento de los datos o la informaci\u00f3n rechazando el uso de cookies mediante la selecci\u00f3n de la configuraci\u00f3n apropiada de su navegador, sin embargo, debe usted saber que si lo hace puede ser que no pueda usar la plena funcionabilidad de este website. Al utilizar este website usted consiente el tratamiento de informaci\u00f3n acerca de usted por Google en la forma y para los fines arriba indicados. \u00bfC\u00f3mo administrar cookies en el navegador? El usuario acepta expresamente, por la utilizaci\u00f3n de este Site, el tratamiento de la informaci\u00f3n recabada en la forma y con los fines anteriormente mencionados. Y asimismo reconoce conocer la posibilidad de rechazar el tratamiento de tales datos o informaci\u00f3n rechazando el uso de Cookies mediante la selecci\u00f3n de la configuraci\u00f3n apropiada a tal fin en su navegador. Si bien esta opci\u00f3n de bloqueo de Cookies en su navegador puede no permitirle el uso pleno de todas las funcionalidades del Website. Puede usted permitir, bloquear o eliminar las cookies instaladas en su equipo mediante la configuraci\u00f3n de las opciones del navegador instalado en su ordenador: Chrome, Explorer, Firefox, Safari.<\/li><\/ul>","protected":false},"excerpt":{"rendered":"<p>INFORMACI\u00d3N B\u00c1SICA SOBRE PROTECCI\u00d3N DE DATOS Sitio web: www.curriculumly.com Responsable tratamiento de datos: David Gonzalez Direcci\u00f3n postal: Carrer del Priorat 8 Corbera de llobregat 08757 (Barcelona) Finalidad: facilitar a los interesados ofertas de productos y servicios de su inter\u00e9s, poder ofrecerle nuestros productos y servicios de acuerdo con sus intereses, mejorar su experiencia de usuario. [&hellip;]<\/p>\n","protected":false},"author":1,"featured_media":0,"parent":0,"menu_order":0,"comment_status":"closed","ping_status":"closed","template":"","meta":{"_monsterinsights_skip_tracking":false,"_monsterinsights_sitenote_active":false,"_monsterinsights_sitenote_note":"","_monsterinsights_sitenote_category":0,"site-sidebar-layout":"default","site-content-layout":"","ast-site-content-layout":"default","site-content-style":"default","site-sidebar-style":"default","ast-global-header-display":"","ast-banner-title-visibility":"","ast-main-header-display":"","ast-hfb-above-header-display":"","ast-hfb-below-header-display":"","ast-hfb-mobile-header-display":"","site-post-title":"","ast-breadcrumbs-content":"","ast-featured-img":"","footer-sml-layout":"","ast-disable-related-posts":"","theme-transparent-header-meta":"","adv-header-id-meta":"","stick-header-meta":"","header-above-stick-meta":"","header-main-stick-meta":"","header-below-stick-meta":"","astra-migrate-meta-layouts":"default","ast-page-background-enabled":"default","ast-page-background-meta":{"desktop":{"background-color":"","background-image":"","background-repeat":"repeat","background-position":"center center","background-size":"auto","background-attachment":"scroll","background-type":"","background-media":"","overlay-type":"","overlay-color":"","overlay-opacity":"","overlay-gradient":""},"tablet":{"background-color":"","background-image":"","background-repeat":"repeat","background-position":"center center","background-size":"auto","background-attachment":"scroll","background-type":"","background-media":"","overlay-type":"","overlay-color":"","overlay-opacity":"","overlay-gradient":""},"mobile":{"background-color":"","background-image":"","background-repeat":"repeat","background-position":"center center","background-size":"auto","background-attachment":"scroll","background-type":"","background-media":"","overlay-type":"","overlay-color":"","overlay-opacity":"","overlay-gradient":""}},"ast-content-background-meta":{"desktop":{"background-color":"var(--ast-global-color-5)","background-image":"","background-repeat":"repeat","background-position":"center center","background-size":"auto","background-attachment":"scroll","background-type":"","background-media":"","overlay-type":"","overlay-color":"","overlay-opacity":"","overlay-gradient":""},"tablet":{"background-color":"var(--ast-global-color-5)","background-image":"","background-repeat":"repeat","background-position":"center center","background-size":"auto","background-attachment":"scroll","background-type":"","background-media":"","overlay-type":"","overlay-color":"","overlay-opacity":"","overlay-gradient":""},"mobile":{"background-color":"var(--ast-global-color-5)","background-image":"","background-repeat":"repeat","background-position":"center center","background-size":"auto","background-attachment":"scroll","background-type":"","background-media":"","overlay-type":"","overlay-color":"","overlay-opacity":"","overlay-gradient":""}},"footnotes":""},"class_list":["post-857","page","type-page","status-publish","hentry"],"yoast_head":"<!-- This site is optimized with the Yoast SEO plugin v27.5 - https:\/\/yoast.com\/product\/yoast-seo-wordpress\/ -->\n<title>Pol\u00edtica de privacidad - Curr&iacute;culumLy<\/title>\n<meta name=\"robots\" content=\"noindex, follow\" \/>\n<meta property=\"og:locale\" content=\"pt_BR\" \/>\n<meta property=\"og:type\" content=\"article\" \/>\n<meta property=\"og:title\" content=\"Pol\u00edtica de privacidad - Curr&iacute;culumLy\" \/>\n<meta property=\"og:description\" content=\"INFORMACI\u00d3N B\u00c1SICA SOBRE PROTECCI\u00d3N DE DATOS Sitio web: www.curriculumly.com Responsable tratamiento de datos: David Gonzalez Direcci\u00f3n postal: Carrer del Priorat 8 Corbera de llobregat 08757 (Barcelona) Finalidad: facilitar a los interesados ofertas de productos y servicios de su inter\u00e9s, poder ofrecerle nuestros productos y servicios de acuerdo con sus intereses, mejorar su experiencia de usuario. [&hellip;]\" \/>\n<meta property=\"og:url\" content=\"https:\/\/curriculumly.com\/pt\/politica-de-privacidad\/\" \/>\n<meta property=\"og:site_name\" content=\"Curr&iacute;culumLy\" \/>\n<meta property=\"article:publisher\" content=\"https:\/\/www.facebook.com\/curriculumly\" \/>\n<meta property=\"article:modified_time\" content=\"2022-09-10T11:20:39+00:00\" \/>\n<meta property=\"og:image\" content=\"https:\/\/curriculumly.com\/wp-content\/uploads\/2022\/07\/LOGO-CV.jpg\" \/>\n\t<meta property=\"og:image:width\" content=\"990\" \/>\n\t<meta property=\"og:image:height\" content=\"227\" \/>\n\t<meta property=\"og:image:type\" content=\"image\/jpeg\" \/>\n<meta name=\"twitter:card\" content=\"summary_large_image\" \/>\n<meta name=\"twitter:label1\" content=\"Est. tempo de leitura\" \/>\n\t<meta name=\"twitter:data1\" content=\"8 minutos\" \/>\n<script type=\"application\/ld+json\" class=\"yoast-schema-graph\">{\"@context\":\"https:\\\/\\\/schema.org\",\"@graph\":[{\"@type\":\"WebPage\",\"@id\":\"https:\\\/\\\/curriculumly.com\\\/politica-de-privacidad\\\/\",\"url\":\"https:\\\/\\\/curriculumly.com\\\/politica-de-privacidad\\\/\",\"name\":\"Pol\u00edtica de privacidad - Curr&iacute;culumLy\",\"isPartOf\":{\"@id\":\"https:\\\/\\\/curriculumly.com\\\/#website\"},\"datePublished\":\"2022-09-03T17:16:25+00:00\",\"dateModified\":\"2022-09-10T11:20:39+00:00\",\"breadcrumb\":{\"@id\":\"https:\\\/\\\/curriculumly.com\\\/politica-de-privacidad\\\/#breadcrumb\"},\"inLanguage\":\"pt-BR\",\"potentialAction\":[{\"@type\":\"ReadAction\",\"target\":[\"https:\\\/\\\/curriculumly.com\\\/politica-de-privacidad\\\/\"]}]},{\"@type\":\"BreadcrumbList\",\"@id\":\"https:\\\/\\\/curriculumly.com\\\/politica-de-privacidad\\\/#breadcrumb\",\"itemListElement\":[{\"@type\":\"ListItem\",\"position\":1,\"name\":\"Portada\",\"item\":\"https:\\\/\\\/curriculumly.com\\\/\"},{\"@type\":\"ListItem\",\"position\":2,\"name\":\"Pol\u00edtica de privacidad\"}]},{\"@type\":\"WebSite\",\"@id\":\"https:\\\/\\\/curriculumly.com\\\/#website\",\"url\":\"https:\\\/\\\/curriculumly.com\\\/\",\"name\":\"Curr&iacute;culumLy\",\"description\":\"Redacci&oacute;n Profesional de Curr&iacute;culum | Encuentra el Trabajo que buscas\",\"publisher\":{\"@id\":\"https:\\\/\\\/curriculumly.com\\\/#organization\"},\"potentialAction\":[{\"@type\":\"SearchAction\",\"target\":{\"@type\":\"EntryPoint\",\"urlTemplate\":\"https:\\\/\\\/curriculumly.com\\\/?s={search_term_string}\"},\"query-input\":{\"@type\":\"PropertyValueSpecification\",\"valueRequired\":true,\"valueName\":\"search_term_string\"}}],\"inLanguage\":\"pt-BR\"},{\"@type\":\"Organization\",\"@id\":\"https:\\\/\\\/curriculumly.com\\\/#organization\",\"name\":\"CurriculumLy\",\"url\":\"https:\\\/\\\/curriculumly.com\\\/\",\"logo\":{\"@type\":\"ImageObject\",\"inLanguage\":\"pt-BR\",\"@id\":\"https:\\\/\\\/curriculumly.com\\\/#\\\/schema\\\/logo\\\/image\\\/\",\"url\":\"https:\\\/\\\/curriculumly.com\\\/wp-content\\\/uploads\\\/2022\\\/07\\\/LOGO-CV.jpg\",\"contentUrl\":\"https:\\\/\\\/curriculumly.com\\\/wp-content\\\/uploads\\\/2022\\\/07\\\/LOGO-CV.jpg\",\"width\":990,\"height\":227,\"caption\":\"CurriculumLy\"},\"image\":{\"@id\":\"https:\\\/\\\/curriculumly.com\\\/#\\\/schema\\\/logo\\\/image\\\/\"},\"sameAs\":[\"https:\\\/\\\/www.facebook.com\\\/curriculumly\",\"https:\\\/\\\/www.instagram.com\\\/curriculumly\\\/\",\"https:\\\/\\\/www.linkedin.com\\\/company\\\/curriculumly\\\/\"]}]}<\/script>\n<!-- \/ Yoast SEO plugin. -->","yoast_head_json":{"title":"Pol\u00edtica de privacidad - Curr&iacute;culumLy","robots":{"index":"noindex","follow":"follow"},"og_locale":"pt_BR","og_type":"article","og_title":"Pol\u00edtica de privacidad - Curr&iacute;culumLy","og_description":"INFORMACI\u00d3N B\u00c1SICA SOBRE PROTECCI\u00d3N DE DATOS Sitio web: www.curriculumly.com Responsable tratamiento de datos: David Gonzalez Direcci\u00f3n postal: Carrer del Priorat 8 Corbera de llobregat 08757 (Barcelona) Finalidad: facilitar a los interesados ofertas de productos y servicios de su inter\u00e9s, poder ofrecerle nuestros productos y servicios de acuerdo con sus intereses, mejorar su experiencia de usuario. [&hellip;]","og_url":"https:\/\/curriculumly.com\/pt\/politica-de-privacidad\/","og_site_name":"Curr&iacute;culumLy","article_publisher":"https:\/\/www.facebook.com\/curriculumly","article_modified_time":"2022-09-10T11:20:39+00:00","og_image":[{"width":990,"height":227,"url":"https:\/\/curriculumly.com\/wp-content\/uploads\/2022\/07\/LOGO-CV.jpg","type":"image\/jpeg"}],"twitter_card":"summary_large_image","twitter_misc":{"Est. tempo de leitura":"8 minutos"},"schema":{"@context":"https:\/\/schema.org","@graph":[{"@type":"WebPage","@id":"https:\/\/curriculumly.com\/politica-de-privacidad\/","url":"https:\/\/curriculumly.com\/politica-de-privacidad\/","name":"Pol\u00edtica de privacidad - Curr&iacute;culumLy","isPartOf":{"@id":"https:\/\/curriculumly.com\/#website"},"datePublished":"2022-09-03T17:16:25+00:00","dateModified":"2022-09-10T11:20:39+00:00","breadcrumb":{"@id":"https:\/\/curriculumly.com\/politica-de-privacidad\/#breadcrumb"},"inLanguage":"pt-BR","potentialAction":[{"@type":"ReadAction","target":["https:\/\/curriculumly.com\/politica-de-privacidad\/"]}]},{"@type":"BreadcrumbList","@id":"https:\/\/curriculumly.com\/politica-de-privacidad\/#breadcrumb","itemListElement":[{"@type":"ListItem","position":1,"name":"Portada","item":"https:\/\/curriculumly.com\/"},{"@type":"ListItem","position":2,"name":"Pol\u00edtica de privacidad"}]},{"@type":"WebSite","@id":"https:\/\/curriculumly.com\/#website","url":"https:\/\/curriculumly.com\/","name":"Curr&iacute;culumLy","description":"Redacci&oacute;n Profesional de Curr&iacute;culum | Encuentra el Trabajo que buscas","publisher":{"@id":"https:\/\/curriculumly.com\/#organization"},"potentialAction":[{"@type":"SearchAction","target":{"@type":"EntryPoint","urlTemplate":"https:\/\/curriculumly.com\/?s={search_term_string}"},"query-input":{"@type":"PropertyValueSpecification","valueRequired":true,"valueName":"search_term_string"}}],"inLanguage":"pt-BR"},{"@type":"Organization","@id":"https:\/\/curriculumly.com\/#organization","name":"CurriculumLy","url":"https:\/\/curriculumly.com\/","logo":{"@type":"ImageObject","inLanguage":"pt-BR","@id":"https:\/\/curriculumly.com\/#\/schema\/logo\/image\/","url":"https:\/\/curriculumly.com\/wp-content\/uploads\/2022\/07\/LOGO-CV.jpg","contentUrl":"https:\/\/curriculumly.com\/wp-content\/uploads\/2022\/07\/LOGO-CV.jpg","width":990,"height":227,"caption":"CurriculumLy"},"image":{"@id":"https:\/\/curriculumly.com\/#\/schema\/logo\/image\/"},"sameAs":["https:\/\/www.facebook.com\/curriculumly","https:\/\/www.instagram.com\/curriculumly\/","https:\/\/www.linkedin.com\/company\/curriculumly\/"]}]}},"_links":{"self":[{"href":"https:\/\/curriculumly.com\/pt\/wp-json\/wp\/v2\/pages\/857","targetHints":{"allow":["GET"]}}],"collection":[{"href":"https:\/\/curriculumly.com\/pt\/wp-json\/wp\/v2\/pages"}],"about":[{"href":"https:\/\/curriculumly.com\/pt\/wp-json\/wp\/v2\/types\/page"}],"author":[{"embeddable":true,"href":"https:\/\/curriculumly.com\/pt\/wp-json\/wp\/v2\/users\/1"}],"replies":[{"embeddable":true,"href":"https:\/\/curriculumly.com\/pt\/wp-json\/wp\/v2\/comments?post=857"}],"version-history":[{"count":2,"href":"https:\/\/curriculumly.com\/pt\/wp-json\/wp\/v2\/pages\/857\/revisions"}],"predecessor-version":[{"id":1017,"href":"https:\/\/curriculumly.com\/pt\/wp-json\/wp\/v2\/pages\/857\/revisions\/1017"}],"wp:attachment":[{"href":"https:\/\/curriculumly.com\/pt\/wp-json\/wp\/v2\/media?parent=857"}],"curies":[{"name":"wp","href":"https:\/\/api.w.org\/{rel}","templated":true}]}}