{"id":1848,"date":"2022-11-05T18:04:52","date_gmt":"2022-11-05T18:04:52","guid":{"rendered":"https:\/\/curriculumly.com\/?page_id=1848"},"modified":"2024-12-25T10:15:38","modified_gmt":"2024-12-25T10:15:38","slug":"pagina-de-confirmacion-orientacion-laboral","status":"publish","type":"page","link":"https:\/\/curriculumly.com\/pt\/pagina-de-confirmacion-orientacion-laboral\/","title":{"rendered":"P\u00e1gina de confirmaci\u00f3n orientaci\u00f3n laboral"},"content":{"rendered":"<div data-elementor-type=\"wp-page\" data-elementor-id=\"1848\" class=\"elementor elementor-1848\" data-elementor-post-type=\"page\">\n\t\t\t\t\t\t<section class=\"elementor-section elementor-top-section elementor-element elementor-element-645f316 elementor-section-boxed elementor-section-height-default elementor-section-height-default\" data-id=\"645f316\" data-element_type=\"section\" data-e-type=\"section\" data-settings=\"{&quot;background_background&quot;:&quot;classic&quot;}\">\n\t\t\t\t\t\t<div class=\"elementor-container elementor-column-gap-default\">\n\t\t\t\t\t<div class=\"elementor-column elementor-col-100 elementor-top-column elementor-element elementor-element-0f2e3e2\" data-id=\"0f2e3e2\" data-element_type=\"column\" data-e-type=\"column\">\n\t\t\t<div class=\"elementor-widget-wrap elementor-element-populated\">\n\t\t\t\t\t\t<div class=\"elementor-element elementor-element-2852ad8 elementor-widget elementor-widget-heading\" data-id=\"2852ad8\" data-element_type=\"widget\" data-e-type=\"widget\" data-widget_type=\"heading.default\">\n\t\t\t\t<div class=\"elementor-widget-container\">\n\t\t\t\t\t<h2 class=\"elementor-heading-title elementor-size-default\">Enhorabuena, Isaac se pondr\u00e1 en contacto contigo en breve.<\/h2>\t\t\t\t<\/div>\n\t\t\t\t<\/div>\n\t\t\t\t\t<\/div>\n\t\t<\/div>\n\t\t\t\t\t<\/div>\n\t\t<\/section>\n\t\t\t\t<section class=\"elementor-section elementor-top-section elementor-element elementor-element-fcb7956 elementor-section-boxed elementor-section-height-default elementor-section-height-default\" data-id=\"fcb7956\" data-element_type=\"section\" data-e-type=\"section\" data-settings=\"{&quot;background_background&quot;:&quot;classic&quot;}\">\n\t\t\t\t\t\t<div class=\"elementor-container elementor-column-gap-default\">\n\t\t\t\t\t<div class=\"elementor-column elementor-col-100 elementor-top-column elementor-element elementor-element-b508526\" data-id=\"b508526\" data-element_type=\"column\" data-e-type=\"column\">\n\t\t\t<div class=\"elementor-widget-wrap elementor-element-populated\">\n\t\t\t\t\t\t<div class=\"elementor-element elementor-element-d52fc4d elementor-view-default elementor-widget elementor-widget-icon\" data-id=\"d52fc4d\" data-element_type=\"widget\" data-e-type=\"widget\" data-widget_type=\"icon.default\">\n\t\t\t\t<div class=\"elementor-widget-container\">\n\t\t\t\t\t\t\t<div class=\"elementor-icon-wrapper\">\n\t\t\t<div class=\"elementor-icon\">\n\t\t\t<i aria-hidden=\"true\" class=\"fas fa-arrow-circle-down\"><\/i>\t\t\t<\/div>\n\t\t<\/div>\n\t\t\t\t\t\t<\/div>\n\t\t\t\t<\/div>\n\t\t\t\t\t<\/div>\n\t\t<\/div>\n\t\t\t\t\t<\/div>\n\t\t<\/section>\n\t\t\t\t<section class=\"elementor-section elementor-top-section elementor-element elementor-element-f55c4bc elementor-section-boxed elementor-section-height-default elementor-section-height-default\" data-id=\"f55c4bc\" data-element_type=\"section\" data-e-type=\"section\" data-settings=\"{&quot;background_background&quot;:&quot;classic&quot;}\">\n\t\t\t\t\t\t<div class=\"elementor-container elementor-column-gap-default\">\n\t\t\t\t\t<div class=\"elementor-column elementor-col-100 elementor-top-column elementor-element elementor-element-4544808\" data-id=\"4544808\" data-element_type=\"column\" data-e-type=\"column\">\n\t\t\t<div class=\"elementor-widget-wrap elementor-element-populated\">\n\t\t\t\t\t\t<div class=\"elementor-element elementor-element-fd64933 elementor-widget elementor-widget-heading\" data-id=\"fd64933\" data-element_type=\"widget\" data-e-type=\"widget\" data-widget_type=\"heading.default\">\n\t\t\t\t<div class=\"elementor-widget-container\">\n\t\t\t\t\t<h2 class=\"elementor-heading-title elementor-size-default\">Si lo prefieres, puedes contactar con nosotros a trav\u00e9s de whatsapp<\/h2>\t\t\t\t<\/div>\n\t\t\t\t<\/div>\n\t\t\t\t<div class=\"elementor-element elementor-element-00fc5db elementor-align-center elementor-widget elementor-widget-button\" data-id=\"00fc5db\" data-element_type=\"widget\" data-e-type=\"widget\" data-widget_type=\"button.default\">\n\t\t\t\t<div class=\"elementor-widget-container\">\n\t\t\t\t\t\t\t\t\t<div class=\"elementor-button-wrapper\">\n\t\t\t\t\t<a class=\"elementor-button elementor-button-link elementor-size-sm\" href=\"https:\/\/api.whatsapp.com\/send\/?phone=34609584394&#038;text=%C2%BFC%C3%B3mo+te+puedo+ayudar%3F&#038;type=phone_number&#038;app_absent=0\">\n\t\t\t\t\t\t<span class=\"elementor-button-content-wrapper\">\n\t\t\t\t\t\t<span class=\"elementor-button-icon\">\n\t\t\t\t<i aria-hidden=\"true\" class=\"fas fa-phone\"><\/i>\t\t\t<\/span>\n\t\t\t\t\t\t\t\t\t<span class=\"elementor-button-text\">\u00bfHabl\u00e1mos por whatsapp?<\/span>\n\t\t\t\t\t<\/span>\n\t\t\t\t\t<\/a>\n\t\t\t\t<\/div>\n\t\t\t\t\t\t\t\t<\/div>\n\t\t\t\t<\/div>\n\t\t\t\t\t<\/div>\n\t\t<\/div>\n\t\t\t\t\t<\/div>\n\t\t<\/section>\n\t\t\t\t<\/div>","protected":false},"excerpt":{"rendered":"<p>Enhorabuena, Isaac se pondr\u00e1 en contacto contigo en breve. Si lo prefieres, puedes contactar con nosotros a trav\u00e9s de whatsapp \u00bfHabl\u00e1mos por whatsapp?<\/p>","protected":false},"author":1,"featured_media":0,"parent":0,"menu_order":0,"comment_status":"closed","ping_status":"closed","template":"","meta":{"_monsterinsights_skip_tracking":false,"_monsterinsights_sitenote_active":false,"_monsterinsights_sitenote_note":"","_monsterinsights_sitenote_category":0,"site-sidebar-layout":"no-sidebar","site-content-layout":"page-builder","ast-site-content-layout":"default","site-content-style":"default","site-sidebar-style":"default","ast-global-header-display":"","ast-banner-title-visibility":"","ast-main-header-display":"","ast-hfb-above-header-display":"","ast-hfb-below-header-display":"","ast-hfb-mobile-header-display":"","site-post-title":"disabled","ast-breadcrumbs-content":"","ast-featured-img":"disabled","footer-sml-layout":"","ast-disable-related-posts":"","theme-transparent-header-meta":"","adv-header-id-meta":"","stick-header-meta":"","header-above-stick-meta":"","header-main-stick-meta":"","header-below-stick-meta":"","astra-migrate-meta-layouts":"default","ast-page-background-enabled":"default","ast-page-background-meta":{"desktop":{"background-color":"","background-image":"","background-repeat":"repeat","background-position":"center center","background-size":"auto","background-attachment":"scroll","background-type":"","background-media":"","overlay-type":"","overlay-color":"","overlay-opacity":"","overlay-gradient":""},"tablet":{"background-color":"","background-image":"","background-repeat":"repeat","background-position":"center center","background-size":"auto","background-attachment":"scroll","background-type":"","background-media":"","overlay-type":"","overlay-color":"","overlay-opacity":"","overlay-gradient":""},"mobile":{"background-color":"","background-image":"","background-repeat":"repeat","background-position":"center center","background-size":"auto","background-attachment":"scroll","background-type":"","background-media":"","overlay-type":"","overlay-color":"","overlay-opacity":"","overlay-gradient":""}},"ast-content-background-meta":{"desktop":{"background-color":"var(--ast-global-color-5)","background-image":"","background-repeat":"repeat","background-position":"center center","background-size":"auto","background-attachment":"scroll","background-type":"","background-media":"","overlay-type":"","overlay-color":"","overlay-opacity":"","overlay-gradient":""},"tablet":{"background-color":"var(--ast-global-color-5)","background-image":"","background-repeat":"repeat","background-position":"center center","background-size":"auto","background-attachment":"scroll","background-type":"","background-media":"","overlay-type":"","overlay-color":"","overlay-opacity":"","overlay-gradient":""},"mobile":{"background-color":"var(--ast-global-color-5)","background-image":"","background-repeat":"repeat","background-position":"center center","background-size":"auto","background-attachment":"scroll","background-type":"","background-media":"","overlay-type":"","overlay-color":"","overlay-opacity":"","overlay-gradient":""}},"footnotes":""},"class_list":["post-1848","page","type-page","status-publish","hentry"],"yoast_head":"<!-- This site is optimized with the Yoast SEO plugin v27.4 - https:\/\/yoast.com\/product\/yoast-seo-wordpress\/ -->\n<title>P\u00e1gina de confirmaci\u00f3n orientaci\u00f3n laboral - Curr&iacute;culumLy<\/title>\n<meta name=\"robots\" content=\"index, follow, max-snippet:-1, max-image-preview:large, max-video-preview:-1\" \/>\n<link rel=\"canonical\" href=\"https:\/\/curriculumly.com\/pt\/pagina-de-confirmacion-orientacion-laboral\/\" \/>\n<meta property=\"og:locale\" content=\"pt_BR\" \/>\n<meta property=\"og:type\" content=\"article\" \/>\n<meta property=\"og:title\" content=\"P\u00e1gina de confirmaci\u00f3n orientaci\u00f3n laboral - Curr&iacute;culumLy\" \/>\n<meta property=\"og:description\" content=\"Enhorabuena, Isaac se pondr\u00e1 en contacto contigo en breve. Si lo prefieres, puedes contactar con nosotros a trav\u00e9s de whatsapp \u00bfHabl\u00e1mos por whatsapp?\" \/>\n<meta property=\"og:url\" content=\"https:\/\/curriculumly.com\/pt\/pagina-de-confirmacion-orientacion-laboral\/\" \/>\n<meta property=\"og:site_name\" content=\"Curr&iacute;culumLy\" \/>\n<meta property=\"article:publisher\" content=\"https:\/\/www.facebook.com\/curriculumly\" \/>\n<meta property=\"article:modified_time\" content=\"2024-12-25T10:15:38+00:00\" \/>\n<meta property=\"og:image\" content=\"https:\/\/curriculumly.com\/wp-content\/uploads\/2022\/07\/LOGO-CV.jpg\" \/>\n\t<meta property=\"og:image:width\" content=\"990\" \/>\n\t<meta property=\"og:image:height\" content=\"227\" \/>\n\t<meta property=\"og:image:type\" content=\"image\/jpeg\" \/>\n<meta name=\"twitter:card\" content=\"summary_large_image\" \/>\n<meta name=\"twitter:label1\" content=\"Est. tempo de leitura\" \/>\n\t<meta name=\"twitter:data1\" content=\"1 minuto\" \/>\n<script type=\"application\/ld+json\" class=\"yoast-schema-graph\">{\"@context\":\"https:\\\/\\\/schema.org\",\"@graph\":[{\"@type\":\"WebPage\",\"@id\":\"https:\\\/\\\/curriculumly.com\\\/pagina-de-confirmacion-orientacion-laboral\\\/\",\"url\":\"https:\\\/\\\/curriculumly.com\\\/pagina-de-confirmacion-orientacion-laboral\\\/\",\"name\":\"P\u00e1gina de confirmaci\u00f3n orientaci\u00f3n laboral - Curr&iacute;culumLy\",\"isPartOf\":{\"@id\":\"https:\\\/\\\/curriculumly.com\\\/#website\"},\"datePublished\":\"2022-11-05T18:04:52+00:00\",\"dateModified\":\"2024-12-25T10:15:38+00:00\",\"breadcrumb\":{\"@id\":\"https:\\\/\\\/curriculumly.com\\\/pagina-de-confirmacion-orientacion-laboral\\\/#breadcrumb\"},\"inLanguage\":\"pt-BR\",\"potentialAction\":[{\"@type\":\"ReadAction\",\"target\":[\"https:\\\/\\\/curriculumly.com\\\/pagina-de-confirmacion-orientacion-laboral\\\/\"]}]},{\"@type\":\"BreadcrumbList\",\"@id\":\"https:\\\/\\\/curriculumly.com\\\/pagina-de-confirmacion-orientacion-laboral\\\/#breadcrumb\",\"itemListElement\":[{\"@type\":\"ListItem\",\"position\":1,\"name\":\"Portada\",\"item\":\"https:\\\/\\\/curriculumly.com\\\/\"},{\"@type\":\"ListItem\",\"position\":2,\"name\":\"P\u00e1gina de confirmaci\u00f3n orientaci\u00f3n laboral\"}]},{\"@type\":\"WebSite\",\"@id\":\"https:\\\/\\\/curriculumly.com\\\/#website\",\"url\":\"https:\\\/\\\/curriculumly.com\\\/\",\"name\":\"Curr&iacute;culumLy\",\"description\":\"Redacci&oacute;n Profesional de Curr&iacute;culum | Encuentra el Trabajo que buscas\",\"publisher\":{\"@id\":\"https:\\\/\\\/curriculumly.com\\\/#organization\"},\"potentialAction\":[{\"@type\":\"SearchAction\",\"target\":{\"@type\":\"EntryPoint\",\"urlTemplate\":\"https:\\\/\\\/curriculumly.com\\\/?s={search_term_string}\"},\"query-input\":{\"@type\":\"PropertyValueSpecification\",\"valueRequired\":true,\"valueName\":\"search_term_string\"}}],\"inLanguage\":\"pt-BR\"},{\"@type\":\"Organization\",\"@id\":\"https:\\\/\\\/curriculumly.com\\\/#organization\",\"name\":\"CurriculumLy\",\"url\":\"https:\\\/\\\/curriculumly.com\\\/\",\"logo\":{\"@type\":\"ImageObject\",\"inLanguage\":\"pt-BR\",\"@id\":\"https:\\\/\\\/curriculumly.com\\\/#\\\/schema\\\/logo\\\/image\\\/\",\"url\":\"https:\\\/\\\/curriculumly.com\\\/wp-content\\\/uploads\\\/2022\\\/07\\\/LOGO-CV.jpg\",\"contentUrl\":\"https:\\\/\\\/curriculumly.com\\\/wp-content\\\/uploads\\\/2022\\\/07\\\/LOGO-CV.jpg\",\"width\":990,\"height\":227,\"caption\":\"CurriculumLy\"},\"image\":{\"@id\":\"https:\\\/\\\/curriculumly.com\\\/#\\\/schema\\\/logo\\\/image\\\/\"},\"sameAs\":[\"https:\\\/\\\/www.facebook.com\\\/curriculumly\",\"https:\\\/\\\/www.instagram.com\\\/curriculumly\\\/\",\"https:\\\/\\\/www.linkedin.com\\\/company\\\/curriculumly\\\/\"]}]}<\/script>\n<!-- \/ Yoast SEO plugin. -->","yoast_head_json":{"title":"P\u00e1gina de confirmaci\u00f3n orientaci\u00f3n laboral - Curr&iacute;culumLy","robots":{"index":"index","follow":"follow","max-snippet":"max-snippet:-1","max-image-preview":"max-image-preview:large","max-video-preview":"max-video-preview:-1"},"canonical":"https:\/\/curriculumly.com\/pt\/pagina-de-confirmacion-orientacion-laboral\/","og_locale":"pt_BR","og_type":"article","og_title":"P\u00e1gina de confirmaci\u00f3n orientaci\u00f3n laboral - Curr&iacute;culumLy","og_description":"Enhorabuena, Isaac se pondr\u00e1 en contacto contigo en breve. Si lo prefieres, puedes contactar con nosotros a trav\u00e9s de whatsapp \u00bfHabl\u00e1mos por whatsapp?","og_url":"https:\/\/curriculumly.com\/pt\/pagina-de-confirmacion-orientacion-laboral\/","og_site_name":"Curr&iacute;culumLy","article_publisher":"https:\/\/www.facebook.com\/curriculumly","article_modified_time":"2024-12-25T10:15:38+00:00","og_image":[{"width":990,"height":227,"url":"https:\/\/curriculumly.com\/wp-content\/uploads\/2022\/07\/LOGO-CV.jpg","type":"image\/jpeg"}],"twitter_card":"summary_large_image","twitter_misc":{"Est. tempo de leitura":"1 minuto"},"schema":{"@context":"https:\/\/schema.org","@graph":[{"@type":"WebPage","@id":"https:\/\/curriculumly.com\/pagina-de-confirmacion-orientacion-laboral\/","url":"https:\/\/curriculumly.com\/pagina-de-confirmacion-orientacion-laboral\/","name":"P\u00e1gina de confirmaci\u00f3n orientaci\u00f3n laboral - Curr&iacute;culumLy","isPartOf":{"@id":"https:\/\/curriculumly.com\/#website"},"datePublished":"2022-11-05T18:04:52+00:00","dateModified":"2024-12-25T10:15:38+00:00","breadcrumb":{"@id":"https:\/\/curriculumly.com\/pagina-de-confirmacion-orientacion-laboral\/#breadcrumb"},"inLanguage":"pt-BR","potentialAction":[{"@type":"ReadAction","target":["https:\/\/curriculumly.com\/pagina-de-confirmacion-orientacion-laboral\/"]}]},{"@type":"BreadcrumbList","@id":"https:\/\/curriculumly.com\/pagina-de-confirmacion-orientacion-laboral\/#breadcrumb","itemListElement":[{"@type":"ListItem","position":1,"name":"Portada","item":"https:\/\/curriculumly.com\/"},{"@type":"ListItem","position":2,"name":"P\u00e1gina de confirmaci\u00f3n orientaci\u00f3n laboral"}]},{"@type":"WebSite","@id":"https:\/\/curriculumly.com\/#website","url":"https:\/\/curriculumly.com\/","name":"Curr&iacute;culumLy","description":"Redacci&oacute;n Profesional de Curr&iacute;culum | Encuentra el Trabajo que buscas","publisher":{"@id":"https:\/\/curriculumly.com\/#organization"},"potentialAction":[{"@type":"SearchAction","target":{"@type":"EntryPoint","urlTemplate":"https:\/\/curriculumly.com\/?s={search_term_string}"},"query-input":{"@type":"PropertyValueSpecification","valueRequired":true,"valueName":"search_term_string"}}],"inLanguage":"pt-BR"},{"@type":"Organization","@id":"https:\/\/curriculumly.com\/#organization","name":"CurriculumLy","url":"https:\/\/curriculumly.com\/","logo":{"@type":"ImageObject","inLanguage":"pt-BR","@id":"https:\/\/curriculumly.com\/#\/schema\/logo\/image\/","url":"https:\/\/curriculumly.com\/wp-content\/uploads\/2022\/07\/LOGO-CV.jpg","contentUrl":"https:\/\/curriculumly.com\/wp-content\/uploads\/2022\/07\/LOGO-CV.jpg","width":990,"height":227,"caption":"CurriculumLy"},"image":{"@id":"https:\/\/curriculumly.com\/#\/schema\/logo\/image\/"},"sameAs":["https:\/\/www.facebook.com\/curriculumly","https:\/\/www.instagram.com\/curriculumly\/","https:\/\/www.linkedin.com\/company\/curriculumly\/"]}]}},"_links":{"self":[{"href":"https:\/\/curriculumly.com\/pt\/wp-json\/wp\/v2\/pages\/1848","targetHints":{"allow":["GET"]}}],"collection":[{"href":"https:\/\/curriculumly.com\/pt\/wp-json\/wp\/v2\/pages"}],"about":[{"href":"https:\/\/curriculumly.com\/pt\/wp-json\/wp\/v2\/types\/page"}],"author":[{"embeddable":true,"href":"https:\/\/curriculumly.com\/pt\/wp-json\/wp\/v2\/users\/1"}],"replies":[{"embeddable":true,"href":"https:\/\/curriculumly.com\/pt\/wp-json\/wp\/v2\/comments?post=1848"}],"version-history":[{"count":22,"href":"https:\/\/curriculumly.com\/pt\/wp-json\/wp\/v2\/pages\/1848\/revisions"}],"predecessor-version":[{"id":3661,"href":"https:\/\/curriculumly.com\/pt\/wp-json\/wp\/v2\/pages\/1848\/revisions\/3661"}],"wp:attachment":[{"href":"https:\/\/curriculumly.com\/pt\/wp-json\/wp\/v2\/media?parent=1848"}],"curies":[{"name":"wp","href":"https:\/\/api.w.org\/{rel}","templated":true}]}}